{"id":2,"date":"2013-03-02T09:00:47","date_gmt":"2013-03-02T09:00:47","guid":{"rendered":"http:\/\/www.kocaelidavetiye.net\/?page_id=2"},"modified":"2013-05-14T12:13:45","modified_gmt":"2013-05-14T12:13:45","slug":"sample-page","status":"publish","type":"page","link":"https:\/\/www.kocaelidavetiye.net\/?page_id=2","title":{"rendered":"D\u00fc\u011f\u00fcn ve S\u00fcnnet Davetiyeleri"},"content":{"rendered":"<p><a href=\"http:\/\/www.kocaelidavetiye.net\/wp-content\/uploads\/2013\/03\/2032.jpg\"><a href=\"http:\/\/turkiyedavetiye.com\/satis\/\"><img loading=\"lazy\" decoding=\"async\" class=\"alignleft size-full wp-image-15\" alt=\"turkiyedavetiyebanner3\" src=\"http:\/\/www.kocaelidavetiye.net\/wp-content\/uploads\/2013\/03\/turkiyedavetiyebanner3.jpg\" width=\"628\" height=\"393\" srcset=\"https:\/\/www.kocaelidavetiye.net\/wp-content\/uploads\/2013\/03\/turkiyedavetiyebanner3.jpg 628w, https:\/\/www.kocaelidavetiye.net\/wp-content\/uploads\/2013\/03\/turkiyedavetiyebanner3-300x187.jpg 300w, https:\/\/www.kocaelidavetiye.net\/wp-content\/uploads\/2013\/03\/turkiyedavetiyebanner3-624x390.jpg 624w\" sizes=\"auto, (max-width: 628px) 100vw, 628px\" \/><\/a><img loading=\"lazy\" decoding=\"async\" class=\"alignleft size-medium wp-image-10\" alt=\"2032\" src=\"http:\/\/www.kocaelidavetiye.net\/wp-content\/uploads\/2013\/03\/2032-300x199.jpg\" width=\"300\" height=\"199\" srcset=\"https:\/\/www.kocaelidavetiye.net\/wp-content\/uploads\/2013\/03\/2032-300x199.jpg 300w, https:\/\/www.kocaelidavetiye.net\/wp-content\/uploads\/2013\/03\/2032-624x414.jpg 624w, https:\/\/www.kocaelidavetiye.net\/wp-content\/uploads\/2013\/03\/2032.jpg 800w\" sizes=\"auto, (max-width: 300px) 100vw, 300px\" \/><\/a> <a href=\"http:\/\/www.kocaelidavetiye.net\/wp-content\/uploads\/2013\/03\/2035.jpg\"><img loading=\"lazy\" decoding=\"async\" class=\"alignleft size-medium wp-image-11\" alt=\"2035\" src=\"http:\/\/www.kocaelidavetiye.net\/wp-content\/uploads\/2013\/03\/2035-300x199.jpg\" width=\"300\" height=\"199\" srcset=\"https:\/\/www.kocaelidavetiye.net\/wp-content\/uploads\/2013\/03\/2035-300x199.jpg 300w, https:\/\/www.kocaelidavetiye.net\/wp-content\/uploads\/2013\/03\/2035-624x414.jpg 624w, https:\/\/www.kocaelidavetiye.net\/wp-content\/uploads\/2013\/03\/2035.jpg 800w\" sizes=\"auto, (max-width: 300px) 100vw, 300px\" \/><\/a> <a href=\"http:\/\/www.kocaelidavetiye.net\/wp-content\/uploads\/2013\/03\/2045.jpg\"><img loading=\"lazy\" decoding=\"async\" class=\"alignleft size-medium wp-image-12\" alt=\"2045\" src=\"http:\/\/www.kocaelidavetiye.net\/wp-content\/uploads\/2013\/03\/2045-300x199.jpg\" width=\"300\" height=\"199\" srcset=\"https:\/\/www.kocaelidavetiye.net\/wp-content\/uploads\/2013\/03\/2045-300x199.jpg 300w, https:\/\/www.kocaelidavetiye.net\/wp-content\/uploads\/2013\/03\/2045-624x414.jpg 624w, https:\/\/www.kocaelidavetiye.net\/wp-content\/uploads\/2013\/03\/2045.jpg 800w\" sizes=\"auto, (max-width: 300px) 100vw, 300px\" \/><\/a><\/p>\n","protected":false},"excerpt":{"rendered":"","protected":false},"author":1,"featured_media":0,"parent":0,"menu_order":0,"comment_status":"open","ping_status":"open","template":"","meta":{"footnotes":""},"class_list":["post-2","page","type-page","status-publish","hentry"],"_links":{"self":[{"href":"https:\/\/www.kocaelidavetiye.net\/index.php?rest_route=\/wp\/v2\/pages\/2","targetHints":{"allow":["GET"]}}],"collection":[{"href":"https:\/\/www.kocaelidavetiye.net\/index.php?rest_route=\/wp\/v2\/pages"}],"about":[{"href":"https:\/\/www.kocaelidavetiye.net\/index.php?rest_route=\/wp\/v2\/types\/page"}],"author":[{"embeddable":true,"href":"https:\/\/www.kocaelidavetiye.net\/index.php?rest_route=\/wp\/v2\/users\/1"}],"replies":[{"embeddable":true,"href":"https:\/\/www.kocaelidavetiye.net\/index.php?rest_route=%2Fwp%2Fv2%2Fcomments&post=2"}],"version-history":[{"count":0,"href":"https:\/\/www.kocaelidavetiye.net\/index.php?rest_route=\/wp\/v2\/pages\/2\/revisions"}],"wp:attachment":[{"href":"https:\/\/www.kocaelidavetiye.net\/index.php?rest_route=%2Fwp%2Fv2%2Fmedia&parent=2"}],"curies":[{"name":"wp","href":"https:\/\/api.w.org\/{rel}","templated":true}]}}